{"id":427,"date":"2022-03-29T11:03:39","date_gmt":"2022-03-29T11:03:39","guid":{"rendered":"https:\/\/aerosotravia.iweez.agency\/?page_id=427"},"modified":"2022-03-29T11:05:09","modified_gmt":"2022-03-29T11:05:09","slug":"maritime-survey","status":"publish","type":"page","link":"https:\/\/aerosotravia.iweez.agency\/en\/solutions\/maritime-survey\/","title":{"rendered":"Maritime Survey"},"content":{"rendered":"\n<p class=\"has-text-align-center has-medium-font-size\">Since 2009, we provide the full air support for \u00ab REMMOA \u00bb missions. The customer is a french government agency : Agency for Marine Protected Areas, Brest, Bretagne.<\/p>\n\n\n\n<div style=\"height:100px\" aria-hidden=\"true\" class=\"wp-block-spacer\"><\/div>\n\n\n\n<div class=\"wp-block-columns\">\n<div class=\"wp-block-column\">\n<p><strong>REMMOA<\/strong>\u00a0: \u201cCensus of Marine Mammals and other megafauna by Air Observation\u201d (Recensement des Mammif\u00e8res Marins et autre m\u00e9gafaune par Observation A\u00e9rienne)<\/p>\n\n\n\n<p>France is the <strong>second largest country<\/strong> in the world, in relation to its territorial waters.<\/p>\n\n\n\n<p>The ambitious missions REMMOA consist in patrolling the ocean at 90kt and 600ft, to observe wildlife and create, if necessary, new Protected Areas on the high seas.<\/p>\n\n\n\n<p>The scientific part of the job is assumed by the \u201cCRMM\u201d Research Center of Marine Mammals of La Rochelle (Centre de Recherche des Mammif\u00e8res Marins de la Rochelle) who provide scientists, aerial observers and results analysis.<\/p>\n<\/div>\n\n\n\n<div class=\"wp-block-column\">\n<figure class=\"wp-block-image size-large\"><img loading=\"lazy\" width=\"1005\" height=\"600\" src=\"https:\/\/aerosotravia.iweez.agency\/wp-content\/uploads\/2021\/12\/img_right_patrouille_zoom.jpg\" alt=\"\" class=\"wp-image-46\" srcset=\"https:\/\/aerosotravia.iweez.agency\/wp-content\/uploads\/2021\/12\/img_right_patrouille_zoom.jpg 1005w, https:\/\/aerosotravia.iweez.agency\/wp-content\/uploads\/2021\/12\/img_right_patrouille_zoom-300x179.jpg 300w, https:\/\/aerosotravia.iweez.agency\/wp-content\/uploads\/2021\/12\/img_right_patrouille_zoom-768x459.jpg 768w\" sizes=\"(max-width: 1005px) 100vw, 1005px\" \/><\/figure>\n<\/div>\n<\/div>\n\n\n\n<div style=\"height:100px\" aria-hidden=\"true\" class=\"wp-block-spacer\"><\/div>\n\n\n\n<p><\/p>\n","protected":false},"excerpt":{"rendered":"<p>Since 2009, we provide the full air support for \u00ab REMMOA \u00bb missions. The customer is a french government agency : Agency for Marine Protected Areas, Brest, Bretagne. REMMOA\u00a0: \u201cCensus of Marine Mammals and other megafauna by Air Observation\u201d (Recensement des Mammif\u00e8res Marins et autre m\u00e9gafaune par Observation A\u00e9rienne) France is the second largest country [&hellip;]<\/p>\n","protected":false},"author":1,"featured_media":0,"parent":409,"menu_order":0,"comment_status":"closed","ping_status":"closed","template":"page-templates\/solutions-maritime.php","meta":[],"acf":[],"yoast_head":"<!-- This site is optimized with the Yoast SEO plugin v17.8 - https:\/\/yoast.com\/wordpress\/plugins\/seo\/ -->\n<title>Maritime Survey - A\u00c9ROSOTRAVIA<\/title>\n<meta name=\"robots\" content=\"noindex, follow, max-snippet:-1, max-image-preview:large, max-video-preview:-1\" \/>\n<meta property=\"og:locale\" content=\"en_US\" \/>\n<meta property=\"og:type\" content=\"article\" \/>\n<meta property=\"og:title\" content=\"Maritime Survey - A\u00c9ROSOTRAVIA\" \/>\n<meta property=\"og:description\" content=\"Since 2009, we provide the full air support for \u00ab REMMOA \u00bb missions. The customer is a french government agency : Agency for Marine Protected Areas, Brest, Bretagne. REMMOA\u00a0: \u201cCensus of Marine Mammals and other megafauna by Air Observation\u201d (Recensement des Mammif\u00e8res Marins et autre m\u00e9gafaune par Observation A\u00e9rienne) France is the second largest country [&hellip;]\" \/>\n<meta property=\"og:url\" content=\"https:\/\/aerosotravia.iweez.agency\/en\/solutions\/maritime-survey\/\" \/>\n<meta property=\"og:site_name\" content=\"A\u00c9ROSOTRAVIA\" \/>\n<meta property=\"article:modified_time\" content=\"2022-03-29T11:05:09+00:00\" \/>\n<meta property=\"og:image\" content=\"https:\/\/aerosotravia.iweez.agency\/wp-content\/uploads\/2021\/12\/img_right_patrouille_zoom.jpg\" \/>\n<meta name=\"twitter:card\" content=\"summary_large_image\" \/>\n<meta name=\"twitter:label1\" content=\"Est. reading time\" \/>\n\t<meta name=\"twitter:data1\" content=\"1 minute\" \/>\n<script type=\"application\/ld+json\" class=\"yoast-schema-graph\">{\"@context\":\"https:\/\/schema.org\",\"@graph\":[{\"@type\":\"WebSite\",\"@id\":\"https:\/\/aerosotravia.iweez.agency\/#website\",\"url\":\"https:\/\/aerosotravia.iweez.agency\/\",\"name\":\"A\\u00c9ROSOTRAVIA\",\"description\":\"Just another WordPress site\",\"potentialAction\":[{\"@type\":\"SearchAction\",\"target\":{\"@type\":\"EntryPoint\",\"urlTemplate\":\"https:\/\/aerosotravia.iweez.agency\/?s={search_term_string}\"},\"query-input\":\"required name=search_term_string\"}],\"inLanguage\":\"en-US\"},{\"@type\":\"ImageObject\",\"@id\":\"https:\/\/aerosotravia.iweez.agency\/en\/solutions\/maritime-survey\/#primaryimage\",\"inLanguage\":\"en-US\",\"url\":\"https:\/\/aerosotravia.iweez.agency\/wp-content\/uploads\/2021\/12\/img_right_patrouille_zoom.jpg\",\"contentUrl\":\"https:\/\/aerosotravia.iweez.agency\/wp-content\/uploads\/2021\/12\/img_right_patrouille_zoom.jpg\",\"width\":1005,\"height\":600},{\"@type\":\"WebPage\",\"@id\":\"https:\/\/aerosotravia.iweez.agency\/en\/solutions\/maritime-survey\/#webpage\",\"url\":\"https:\/\/aerosotravia.iweez.agency\/en\/solutions\/maritime-survey\/\",\"name\":\"Maritime Survey - A\\u00c9ROSOTRAVIA\",\"isPartOf\":{\"@id\":\"https:\/\/aerosotravia.iweez.agency\/#website\"},\"primaryImageOfPage\":{\"@id\":\"https:\/\/aerosotravia.iweez.agency\/en\/solutions\/maritime-survey\/#primaryimage\"},\"datePublished\":\"2022-03-29T11:03:39+00:00\",\"dateModified\":\"2022-03-29T11:05:09+00:00\",\"breadcrumb\":{\"@id\":\"https:\/\/aerosotravia.iweez.agency\/en\/solutions\/maritime-survey\/#breadcrumb\"},\"inLanguage\":\"en-US\",\"potentialAction\":[{\"@type\":\"ReadAction\",\"target\":[\"https:\/\/aerosotravia.iweez.agency\/en\/solutions\/maritime-survey\/\"]}]},{\"@type\":\"BreadcrumbList\",\"@id\":\"https:\/\/aerosotravia.iweez.agency\/en\/solutions\/maritime-survey\/#breadcrumb\",\"itemListElement\":[{\"@type\":\"ListItem\",\"position\":1,\"name\":\"Home\",\"item\":\"https:\/\/aerosotravia.iweez.agency\/en\/\"},{\"@type\":\"ListItem\",\"position\":2,\"name\":\"Solutions\",\"item\":\"https:\/\/aerosotravia.iweez.agency\/en\/solutions\/\"},{\"@type\":\"ListItem\",\"position\":3,\"name\":\"Maritime Survey\"}]}]}<\/script>\n<!-- \/ Yoast SEO plugin. -->","yoast_head_json":{"title":"Maritime Survey - A\u00c9ROSOTRAVIA","robots":{"index":"noindex","follow":"follow","max-snippet":"max-snippet:-1","max-image-preview":"max-image-preview:large","max-video-preview":"max-video-preview:-1"},"og_locale":"en_US","og_type":"article","og_title":"Maritime Survey - A\u00c9ROSOTRAVIA","og_description":"Since 2009, we provide the full air support for \u00ab REMMOA \u00bb missions. The customer is a french government agency : Agency for Marine Protected Areas, Brest, Bretagne. REMMOA\u00a0: \u201cCensus of Marine Mammals and other megafauna by Air Observation\u201d (Recensement des Mammif\u00e8res Marins et autre m\u00e9gafaune par Observation A\u00e9rienne) France is the second largest country [&hellip;]","og_url":"https:\/\/aerosotravia.iweez.agency\/en\/solutions\/maritime-survey\/","og_site_name":"A\u00c9ROSOTRAVIA","article_modified_time":"2022-03-29T11:05:09+00:00","og_image":[{"url":"https:\/\/aerosotravia.iweez.agency\/wp-content\/uploads\/2021\/12\/img_right_patrouille_zoom.jpg"}],"twitter_card":"summary_large_image","twitter_misc":{"Est. reading time":"1 minute"},"schema":{"@context":"https:\/\/schema.org","@graph":[{"@type":"WebSite","@id":"https:\/\/aerosotravia.iweez.agency\/#website","url":"https:\/\/aerosotravia.iweez.agency\/","name":"A\u00c9ROSOTRAVIA","description":"Just another WordPress site","potentialAction":[{"@type":"SearchAction","target":{"@type":"EntryPoint","urlTemplate":"https:\/\/aerosotravia.iweez.agency\/?s={search_term_string}"},"query-input":"required name=search_term_string"}],"inLanguage":"en-US"},{"@type":"ImageObject","@id":"https:\/\/aerosotravia.iweez.agency\/en\/solutions\/maritime-survey\/#primaryimage","inLanguage":"en-US","url":"https:\/\/aerosotravia.iweez.agency\/wp-content\/uploads\/2021\/12\/img_right_patrouille_zoom.jpg","contentUrl":"https:\/\/aerosotravia.iweez.agency\/wp-content\/uploads\/2021\/12\/img_right_patrouille_zoom.jpg","width":1005,"height":600},{"@type":"WebPage","@id":"https:\/\/aerosotravia.iweez.agency\/en\/solutions\/maritime-survey\/#webpage","url":"https:\/\/aerosotravia.iweez.agency\/en\/solutions\/maritime-survey\/","name":"Maritime Survey - A\u00c9ROSOTRAVIA","isPartOf":{"@id":"https:\/\/aerosotravia.iweez.agency\/#website"},"primaryImageOfPage":{"@id":"https:\/\/aerosotravia.iweez.agency\/en\/solutions\/maritime-survey\/#primaryimage"},"datePublished":"2022-03-29T11:03:39+00:00","dateModified":"2022-03-29T11:05:09+00:00","breadcrumb":{"@id":"https:\/\/aerosotravia.iweez.agency\/en\/solutions\/maritime-survey\/#breadcrumb"},"inLanguage":"en-US","potentialAction":[{"@type":"ReadAction","target":["https:\/\/aerosotravia.iweez.agency\/en\/solutions\/maritime-survey\/"]}]},{"@type":"BreadcrumbList","@id":"https:\/\/aerosotravia.iweez.agency\/en\/solutions\/maritime-survey\/#breadcrumb","itemListElement":[{"@type":"ListItem","position":1,"name":"Home","item":"https:\/\/aerosotravia.iweez.agency\/en\/"},{"@type":"ListItem","position":2,"name":"Solutions","item":"https:\/\/aerosotravia.iweez.agency\/en\/solutions\/"},{"@type":"ListItem","position":3,"name":"Maritime Survey"}]}]}},"_links":{"self":[{"href":"https:\/\/aerosotravia.iweez.agency\/en\/wp-json\/wp\/v2\/pages\/427"}],"collection":[{"href":"https:\/\/aerosotravia.iweez.agency\/en\/wp-json\/wp\/v2\/pages"}],"about":[{"href":"https:\/\/aerosotravia.iweez.agency\/en\/wp-json\/wp\/v2\/types\/page"}],"author":[{"embeddable":true,"href":"https:\/\/aerosotravia.iweez.agency\/en\/wp-json\/wp\/v2\/users\/1"}],"replies":[{"embeddable":true,"href":"https:\/\/aerosotravia.iweez.agency\/en\/wp-json\/wp\/v2\/comments?post=427"}],"version-history":[{"count":2,"href":"https:\/\/aerosotravia.iweez.agency\/en\/wp-json\/wp\/v2\/pages\/427\/revisions"}],"predecessor-version":[{"id":430,"href":"https:\/\/aerosotravia.iweez.agency\/en\/wp-json\/wp\/v2\/pages\/427\/revisions\/430"}],"up":[{"embeddable":true,"href":"https:\/\/aerosotravia.iweez.agency\/en\/wp-json\/wp\/v2\/pages\/409"}],"wp:attachment":[{"href":"https:\/\/aerosotravia.iweez.agency\/en\/wp-json\/wp\/v2\/media?parent=427"}],"curies":[{"name":"wp","href":"https:\/\/api.w.org\/{rel}","templated":true}]}}